{"id":89,"date":"2019-02-11T10:08:26","date_gmt":"2019-02-11T09:08:26","guid":{"rendered":"http:\/\/business.schuch.co.at\/?page_id=89"},"modified":"2021-02-21T10:14:27","modified_gmt":"2021-02-21T09:14:27","slug":"feldgemuese","status":"publish","type":"page","link":"https:\/\/www.biohof-schuch.at\/?page_id=89","title":{"rendered":"Feldgem\u00fcse"},"content":{"rendered":"<p>Saisonales BIO-Gem\u00fcse vom Feld<\/p>\n<p><strong>Erntejahr 2021<\/strong><\/p>\n<p>Mit der Anzucht von Jungpflanzen sind wir bereits in das neue Gem\u00fcsejahr gestartet. <br \/>Die ersten Samen, die heuer in die Erde gekommen sind, sind Paprika, Chili und Pfefferoni. Daneben haben wir mit der Anzucht von Jungzwiebeln begonnen.<\/p>\n<p>Einen Teil unserer BIO-Jungpflanzen bieten wir auch gerne beim Bauernmarkt in Lafnitz zum Verkauf f\u00fcr Ihren eigenen Garten an.<\/p>\n<p>Den Gro\u00dfteil verwenden wir selbst und Sie k\u00f6nnen dann frisches, saisonales Gem\u00fcse bei uns kaufen.<\/p>\n\n\n<p><strong>Erntejahr 2020<\/strong><\/p>\n\n\n\n<p>Unser Gem\u00fcsejahr 2020 war gepr\u00e4gt vom Ausprobieren von Kulturen, unterschiedlichen Versuchen in der Beetgestaltung und vielem mehr.<\/p>\n\n\n\n<p>Wir haben heuer folgende Kulturen mit unterschiedlichem Erfolg ges\u00e4t bzw. gepflanzt.<\/p>\n\n\n\n<p>Wirklich toll funktioniert haben:<\/p>\n\n\n\n<ul class=\"wp-block-list\"><li>Radieschen<\/li><li>Zwiebeln<\/li><li>Zucchini<\/li><li>K\u00fcrbis<\/li><li>Ringelr\u00fcben &#8211; Tonda die Chioggia -&gt; hier m\u00fcssen wir aber noch an der Vermarktung arbeiten<\/li><\/ul>\n\n\n\n<p>Weniger gut lief es mit <\/p>\n\n\n\n<ul class=\"wp-block-list\"><li>Salat -&gt; hier war der S\u00e4zeitpunkt leider nicht optimal<\/li><li>Kohlrabi<\/li><li>Karotten -&gt; sind super gewachsen, aber zu dicht und optisch nicht ideal<\/li><li><\/li><\/ul>\n\n\n\n<p><\/p>\n","protected":false},"excerpt":{"rendered":"<p>Saisonales BIO-Gem\u00fcse vom Feld Erntejahr 2021 Mit der Anzucht von Jungpflanzen sind wir bereits in das neue Gem\u00fcsejahr gestartet. Die ersten Samen, die heuer in die Erde gekommen sind, sind Paprika, Chili und Pfefferoni. Daneben haben wir mit der Anzucht von Jungzwiebeln begonnen. Einen Teil unserer BIO-Jungpflanzen bieten wir auch gerne beim Bauernmarkt in Lafnitz [&hellip;]<\/p>\n","protected":false},"author":1,"featured_media":0,"parent":0,"menu_order":0,"comment_status":"closed","ping_status":"closed","template":"","meta":{"footnotes":""},"class_list":["post-89","page","type-page","status-publish","hentry"],"_links":{"self":[{"href":"https:\/\/www.biohof-schuch.at\/index.php?rest_route=\/wp\/v2\/pages\/89","targetHints":{"allow":["GET"]}}],"collection":[{"href":"https:\/\/www.biohof-schuch.at\/index.php?rest_route=\/wp\/v2\/pages"}],"about":[{"href":"https:\/\/www.biohof-schuch.at\/index.php?rest_route=\/wp\/v2\/types\/page"}],"author":[{"embeddable":true,"href":"https:\/\/www.biohof-schuch.at\/index.php?rest_route=\/wp\/v2\/users\/1"}],"replies":[{"embeddable":true,"href":"https:\/\/www.biohof-schuch.at\/index.php?rest_route=%2Fwp%2Fv2%2Fcomments&post=89"}],"version-history":[{"count":5,"href":"https:\/\/www.biohof-schuch.at\/index.php?rest_route=\/wp\/v2\/pages\/89\/revisions"}],"predecessor-version":[{"id":516,"href":"https:\/\/www.biohof-schuch.at\/index.php?rest_route=\/wp\/v2\/pages\/89\/revisions\/516"}],"wp:attachment":[{"href":"https:\/\/www.biohof-schuch.at\/index.php?rest_route=%2Fwp%2Fv2%2Fmedia&parent=89"}],"curies":[{"name":"wp","href":"https:\/\/api.w.org\/{rel}","templated":true}]}}