{"id":417,"date":"2020-02-14T16:08:36","date_gmt":"2020-02-14T15:08:36","guid":{"rendered":"http:\/\/www.haidelamm.at\/?page_id=417"},"modified":"2022-08-30T19:48:26","modified_gmt":"2022-08-30T17:48:26","slug":"teilstuecke-und-verwendung","status":"publish","type":"page","link":"https:\/\/www.biohof-schuch.at\/?page_id=417","title":{"rendered":"Teilst\u00fccke und Verwendung"},"content":{"rendered":"\n<h2 class=\"wp-block-heading\">Die Teilst\u00fccke und Ihre Verwendung in der K\u00fcche<\/h2>\n\n\n\n<figure class=\"wp-block-image size-full\"><img loading=\"lazy\" decoding=\"async\" width=\"460\" height=\"307\" src=\"http:\/\/www.biohof-schuch.at\/wp-content\/uploads\/2022\/08\/460x307_lammfleisch.png\" alt=\"\" class=\"wp-image-616\" srcset=\"https:\/\/www.biohof-schuch.at\/wp-content\/uploads\/2022\/08\/460x307_lammfleisch.png 460w, https:\/\/www.biohof-schuch.at\/wp-content\/uploads\/2022\/08\/460x307_lammfleisch-300x200.png 300w\" sizes=\"auto, (max-width: 460px) 100vw, 460px\" \/><\/figure>\n\n\n\n<ol class=\"wp-block-list\"><li>Hals<\/li><li>Brust<\/li><li>Schulter<\/li><li>vorderer R\u00fccken<\/li><li>hinterer R\u00fccken<\/li><li>D\u00fcnnung<\/li><li>Schl\u00f6gel (Keule)<\/li><li>Stelzen<\/li><\/ol>\n\n\n\n<h3 class=\"wp-block-heading\">Hals<\/h3>\n\n\n\n<p>Aus dem Hals lassen sich k\u00f6stliche Ragouts oder Gulasch sowie deftige Eint\u00f6pfe zubereiten. Das Halsfleisch kann aber auch gerollt und so zum schmoren verwendet werden.<\/p>\n\n\n\n<h3 class=\"wp-block-heading\">Lammschl\u00f6gel (Lammkeule)<\/h3>\n\n\n\n<p>Der Lammschl\u00f6gel ist der Klassiker f\u00fcr Lammliebhaber. Er eignet sich besonders gut zum Braten. Es empfiehlt sich, den Schl\u00f6gel mit den Knochen zuzubereiten: So h\u00e4lt das Fleisch besser zusammen und l\u00e4sst sich leichter aufschneiden.<br>Aus dem Schl\u00f6gel k\u00f6nnen aber auch die Gustost\u00fccke wie Nuss, Schale usw. gewonnen werden, die sich hervorragen zum Braten und Schmoren oder auch f\u00fcr Schnitzel eignen. Auch f\u00fcr Spie\u00dfe oder Fondue wird das Fleisch aus dem Lammschl\u00f6gel verwendet.<\/p>\n\n\n\n<h3 class=\"wp-block-heading\">Brust<\/h3>\n\n\n\n<p>Die Lammbrust weist den h\u00f6chsten Fettanteil auf und ist ideal zum Kochen. Sie findet Verwendung in Eint\u00f6fen, Ragouts oder Suppen. Auch die Brust kann gerollt und somit zum Schmoren verwendet werden.<br>In Rippchen geteilt kann die Brust auch zum Braten oder Grillen verwendet werden.<\/p>\n\n\n\n<h3 class=\"wp-block-heading\">R\u00fccken<\/h3>\n\n\n\n<p>Der Lammr\u00fccken eignet sich im Ganzen mit Knochen oder als Lammkrone, zum Braten, Kurzbraten, Grillen und Schmoren. Aus dem R\u00fccken werden auch die Koteletts geschnitten.<br>Ein besonderes St\u00fcck vom Lamm ist der Lammlachs, der ausgel\u00f6ste Lammr\u00fccken. Das Fleisch ist \u00e4u\u00dferst fettarm und frei von Sehnen. Der Lammlachs eignet sich vor allem f\u00fcr das Kurzbraten.<\/p>\n\n\n\n<h3 class=\"wp-block-heading\">Lammschulter<\/h3>\n\n\n\n<p>Die Schulter eignet sich hervorragend zum Braten und Schmoren sowol mit als auch ohne Knochen. Die ausgel\u00f6ste Schulter kann auch zu einem Rollbraten gebunden werden. Damit erh\u00e4lt man ein gleichm\u00e4\u00dfig gro\u00dfes St\u00fcck Fleisch, das sich besonders zum Braten eignet.<br>Selbstverst\u00e4ndlich eignet sich das Fleisch der Schulter auch ausgezeichnet f\u00fcr Ragouts, Eint\u00f6pfe oder Gulasch.<\/p>\n\n\n\n<h3 class=\"wp-block-heading\">Lammstelzen<\/h3>\n\n\n\n<p>Die Stelzen werden aus den unteren Teilen von Schl\u00f6gel und Schulter geschnitten. Sie eignen sich vor allem zum Braten und Schmoren und sind als Portion f\u00fcr eine Person genau richtig.<\/p>\n","protected":false},"excerpt":{"rendered":"<p>Die Teilst\u00fccke und Ihre Verwendung in der K\u00fcche Hals Brust Schulter vorderer R\u00fccken hinterer R\u00fccken D\u00fcnnung Schl\u00f6gel (Keule) Stelzen Hals Aus dem Hals lassen sich k\u00f6stliche Ragouts oder Gulasch sowie deftige Eint\u00f6pfe zubereiten. Das Halsfleisch kann aber auch gerollt und so zum schmoren verwendet werden. Lammschl\u00f6gel (Lammkeule) Der Lammschl\u00f6gel ist der Klassiker f\u00fcr Lammliebhaber. Er [&hellip;]<\/p>\n","protected":false},"author":1,"featured_media":0,"parent":65,"menu_order":0,"comment_status":"closed","ping_status":"closed","template":"","meta":{"footnotes":""},"class_list":["post-417","page","type-page","status-publish","hentry"],"_links":{"self":[{"href":"https:\/\/www.biohof-schuch.at\/index.php?rest_route=\/wp\/v2\/pages\/417","targetHints":{"allow":["GET"]}}],"collection":[{"href":"https:\/\/www.biohof-schuch.at\/index.php?rest_route=\/wp\/v2\/pages"}],"about":[{"href":"https:\/\/www.biohof-schuch.at\/index.php?rest_route=\/wp\/v2\/types\/page"}],"author":[{"embeddable":true,"href":"https:\/\/www.biohof-schuch.at\/index.php?rest_route=\/wp\/v2\/users\/1"}],"replies":[{"embeddable":true,"href":"https:\/\/www.biohof-schuch.at\/index.php?rest_route=%2Fwp%2Fv2%2Fcomments&post=417"}],"version-history":[{"count":3,"href":"https:\/\/www.biohof-schuch.at\/index.php?rest_route=\/wp\/v2\/pages\/417\/revisions"}],"predecessor-version":[{"id":617,"href":"https:\/\/www.biohof-schuch.at\/index.php?rest_route=\/wp\/v2\/pages\/417\/revisions\/617"}],"up":[{"embeddable":true,"href":"https:\/\/www.biohof-schuch.at\/index.php?rest_route=\/wp\/v2\/pages\/65"}],"wp:attachment":[{"href":"https:\/\/www.biohof-schuch.at\/index.php?rest_route=%2Fwp%2Fv2%2Fmedia&parent=417"}],"curies":[{"name":"wp","href":"https:\/\/api.w.org\/{rel}","templated":true}]}}