{"id":230,"date":"2020-02-21T11:06:51","date_gmt":"2020-02-21T10:06:51","guid":{"rendered":"http:\/\/business.schuch.co.at\/?page_id=230"},"modified":"2020-02-21T11:10:44","modified_gmt":"2020-02-21T10:10:44","slug":"biologische-landwirtschaft","status":"publish","type":"page","link":"https:\/\/www.biohof-schuch.at\/?page_id=230","title":{"rendered":"Biologische Landwirtschaft"},"content":{"rendered":"<p>Mit der \u00dcbernahme des elterlichen Betriebs und dem Aufbau der Schafhaltung haben wir uns den Wunsch erf\u00fcllt, unser Leben in und mit der Natur zu f\u00fchren.<\/p>\n<p>Um diesen Schritt zu vervollst\u00e4ndigen haben wir uns entschieden, unseren Hof in kontrolliert biologischer Weise zu bewirtschaften. Damit m\u00f6chten wir auch nach au\u00dfen zeigen, dass uns der bewusste und sorgsame Umgang mit den Ressourcen der Natur und das Wohl unserer Tiere sehr am Herzen liegt.<\/p>\n<p>Die Umstellung auf die biologische Wirtschaftsweise folgt einem genau definierten zeitlichen Fahrplan. Die Umstellungszeit betr\u00e4gt zwei Jahre.<br \/>Mit dem Abschluss eines Kontrollvertrages mit einer BIO-Kontrollstelle im M\u00e4rz 2018 beginnt diese Zeit zu Laufen und ab sofort sind alle Vorgaben einzuhalten und umzusetzen.<\/p>\n<p>Die biologische Landwirtschaft betrachtet den Betrieb und seine Kreisl\u00e4ufe ganzheitlich. Die wichtigste Grundlage im biologischen Landbau ist der gesunde Boden.<\/p>\n<p>\u00a0<\/p>\n<h3>Die wichtigsten Ma\u00dfnahmen im Bio-Landbau sind<\/h3>\n<p>(Quelle: www.bio-austria.at)<\/p>\n<ul>\n<li>Einsatz von organischem D\u00fcnger und Verzicht auf leichtl\u00f6sliche mineralische D\u00fcngemittel<\/li>\n<li>Verzicht auf chemisch-synthetische Lager- und Pflanzenschutzmittel<\/li>\n<li>Erhaltung und Steigerung der Bodenfruchtbarkeit durch regelm\u00e4\u00dfige Zufuhr organischer Masse -&gt; Humusaufbau\/erhaltung<\/li>\n<li>Vielseitige Fruchtfolgen im Ackerbau mit stabilen Sorten, Leguminosen, Zwischenfruchtanbau und Untersaaten<\/li>\n<li>Fl\u00e4chengebundene artgerechte Tierhaltung mit Auslauf und Weidegang<\/li>\n<li>Die Tiergesundheit ist in erster Linie durch vorbeugende Ma\u00dfnahmen zu sichern<\/li>\n<li>Begrenzter Zukauf von Futtermitteln oder D\u00fcnger sowie geringer Einsatz an Fremdenergie, damit ein m\u00f6glichst geschlossener Betriebskreislauf besteht<\/li>\n<li>Zukauf von Bio-Tieren<\/li>\n<li>Verzicht auf alle Betriebsmittel, die unter Zuhilfenahme der Gentechnik hergestellt wurden<\/li>\n<\/ul>\n<p>Wenn Sie mehr \u00fcber unseren Weg zum zertifizierten Bio-Betrieb erfahren m\u00f6chten, sprechen Sie uns einfach an!<\/p>\n","protected":false},"excerpt":{"rendered":"<p>Mit der \u00dcbernahme des elterlichen Betriebs und dem Aufbau der Schafhaltung haben wir uns den Wunsch erf\u00fcllt, unser Leben in und mit der Natur zu f\u00fchren. Um diesen Schritt zu vervollst\u00e4ndigen haben wir uns entschieden, unseren Hof in kontrolliert biologischer Weise zu bewirtschaften. Damit m\u00f6chten wir auch nach au\u00dfen zeigen, dass uns der bewusste und [&hellip;]<\/p>\n","protected":false},"author":1,"featured_media":0,"parent":160,"menu_order":0,"comment_status":"closed","ping_status":"closed","template":"","meta":{"footnotes":""},"class_list":["post-230","page","type-page","status-publish","hentry"],"_links":{"self":[{"href":"https:\/\/www.biohof-schuch.at\/index.php?rest_route=\/wp\/v2\/pages\/230","targetHints":{"allow":["GET"]}}],"collection":[{"href":"https:\/\/www.biohof-schuch.at\/index.php?rest_route=\/wp\/v2\/pages"}],"about":[{"href":"https:\/\/www.biohof-schuch.at\/index.php?rest_route=\/wp\/v2\/types\/page"}],"author":[{"embeddable":true,"href":"https:\/\/www.biohof-schuch.at\/index.php?rest_route=\/wp\/v2\/users\/1"}],"replies":[{"embeddable":true,"href":"https:\/\/www.biohof-schuch.at\/index.php?rest_route=%2Fwp%2Fv2%2Fcomments&post=230"}],"version-history":[{"count":4,"href":"https:\/\/www.biohof-schuch.at\/index.php?rest_route=\/wp\/v2\/pages\/230\/revisions"}],"predecessor-version":[{"id":235,"href":"https:\/\/www.biohof-schuch.at\/index.php?rest_route=\/wp\/v2\/pages\/230\/revisions\/235"}],"up":[{"embeddable":true,"href":"https:\/\/www.biohof-schuch.at\/index.php?rest_route=\/wp\/v2\/pages\/160"}],"wp:attachment":[{"href":"https:\/\/www.biohof-schuch.at\/index.php?rest_route=%2Fwp%2Fv2%2Fmedia&parent=230"}],"curies":[{"name":"wp","href":"https:\/\/api.w.org\/{rel}","templated":true}]}}